{"id":487,"date":"2026-02-09T09:59:03","date_gmt":"2026-02-09T08:59:03","guid":{"rendered":"https:\/\/thecraftroom.fr\/?post_type=product&#038;p=487"},"modified":"2026-02-09T09:59:03","modified_gmt":"2026-02-09T08:59:03","slug":"duo-dagneau","status":"publish","type":"product","link":"https:\/\/thecraftroom.fr\/index.php\/produit\/duo-dagneau\/","title":{"rendered":"Duo d&#8217;agneau"},"content":{"rendered":"<p data-start=\"272\" data-end=\"515\">Invitez une touche de douceur dans votre int\u00e9rieur avec ces adorables agneaux assis, imprim\u00e9s en 3D avec soin.<br data-start=\"387\" data-end=\"390\" \/>Chaque petit personnage arbore une posture pleine de tendresse : jambes pendantes, ligne douce, finition mate et naturelle.<\/p>\n<p data-start=\"517\" data-end=\"556\">Leur charme r\u00e9side dans les d\u00e9tails :<\/p>\n<ul data-start=\"557\" data-end=\"660\">\n<li data-start=\"557\" data-end=\"612\">\n<p data-start=\"559\" data-end=\"612\">un joli n\u0153ud en toile de jute pour le grand mod\u00e8le,<\/p>\n<\/li>\n<li data-start=\"613\" data-end=\"660\">\n<p data-start=\"615\" data-end=\"660\">un adorable n\u0153ud vichy jaune pour le petit.<\/p>\n<\/li>\n<\/ul>\n<p data-start=\"662\" data-end=\"924\">Parfaits \u00e0 poser sur une \u00e9tag\u00e8re, le rebord d\u2019un meuble ou une biblioth\u00e8que, ces compagnons au design minimaliste apportent une note apaisante et authentique.<br data-start=\"820\" data-end=\"823\" \/>Un cadeau id\u00e9al pour une naissance, une chambre d\u2019enfant ou tout simplement pour d\u00e9corer votre cocon.<\/p>\n","protected":false},"excerpt":{"rendered":"<p>Invitez une touche de douceur dans votre int\u00e9rieur avec ces adorables agneaux assis, imprim\u00e9s en 3D avec soin.Chaque petit personnage arbore une posture pleine de tendresse : jambes pendantes, ligne douce, finition mate et naturelle. Leur charme r\u00e9side dans les d\u00e9tails : un joli n\u0153ud en toile de jute pour le grand mod\u00e8le, un adorable<\/p>\n<div class=\"more-link\">\n\t\t\t\t <a href=\"https:\/\/thecraftroom.fr\/index.php\/produit\/duo-dagneau\/\" class=\"btn theme-btn\"><span>Continue Reading <\/span><i class=\"icofont-thin-double-right\"><\/i><\/a>\n\t\t\t<\/div>\n","protected":false},"featured_media":483,"comment_status":"open","ping_status":"closed","template":"","meta":{"_glsr_average":0,"_glsr_ranking":0,"_glsr_reviews":0,"jetpack_publicize_message":"","jetpack_publicize_feature_enabled":true,"jetpack_social_post_already_shared":true,"jetpack_social_options":{"image_generator_settings":{"template":"highway","default_image_id":0,"font":"","enabled":false},"version":2}},"product_brand":[],"product_cat":[21],"product_tag":[],"class_list":{"0":"post-487","1":"product","2":"type-product","3":"status-publish","4":"has-post-thumbnail","6":"product_cat-printemps","8":"first","9":"instock","10":"shipping-taxable","11":"purchasable","12":"product-type-simple"},"jetpack_publicize_connections":[],"jetpack_sharing_enabled":true,"_links":{"self":[{"href":"https:\/\/thecraftroom.fr\/index.php\/wp-json\/wp\/v2\/product\/487","targetHints":{"allow":["GET"]}}],"collection":[{"href":"https:\/\/thecraftroom.fr\/index.php\/wp-json\/wp\/v2\/product"}],"about":[{"href":"https:\/\/thecraftroom.fr\/index.php\/wp-json\/wp\/v2\/types\/product"}],"replies":[{"embeddable":true,"href":"https:\/\/thecraftroom.fr\/index.php\/wp-json\/wp\/v2\/comments?post=487"}],"wp:featuredmedia":[{"embeddable":true,"href":"https:\/\/thecraftroom.fr\/index.php\/wp-json\/wp\/v2\/media\/483"}],"wp:attachment":[{"href":"https:\/\/thecraftroom.fr\/index.php\/wp-json\/wp\/v2\/media?parent=487"}],"wp:term":[{"taxonomy":"product_brand","embeddable":true,"href":"https:\/\/thecraftroom.fr\/index.php\/wp-json\/wp\/v2\/product_brand?post=487"},{"taxonomy":"product_cat","embeddable":true,"href":"https:\/\/thecraftroom.fr\/index.php\/wp-json\/wp\/v2\/product_cat?post=487"},{"taxonomy":"product_tag","embeddable":true,"href":"https:\/\/thecraftroom.fr\/index.php\/wp-json\/wp\/v2\/product_tag?post=487"}],"curies":[{"name":"wp","href":"https:\/\/api.w.org\/{rel}","templated":true}]}}