{"id":465,"date":"2026-02-09T09:46:41","date_gmt":"2026-02-09T08:46:41","guid":{"rendered":"https:\/\/thecraftroom.fr\/?post_type=product&#038;p=465"},"modified":"2026-02-09T10:36:57","modified_gmt":"2026-02-09T09:36:57","slug":"lapin-elegant-5","status":"publish","type":"product","link":"https:\/\/thecraftroom.fr\/index.php\/produit\/lapin-elegant-5\/","title":{"rendered":"Lapin \u00e9l\u00e9gant"},"content":{"rendered":"<h3 data-start=\"135\" data-end=\"195\"><img decoding=\"async\" class=\"emoji\" role=\"img\" draggable=\"false\" src=\"https:\/\/s.w.org\/images\/core\/emoji\/17.0.2\/svg\/1f430.svg\" alt=\"\ud83d\udc30\" \/><img decoding=\"async\" class=\"emoji\" role=\"img\" draggable=\"false\" src=\"https:\/\/s.w.org\/images\/core\/emoji\/17.0.2\/svg\/2728.svg\" alt=\"\u2728\" \/>\u00a0<em data-start=\"143\" data-end=\"193\">Le Lapin \u00c9l\u00e9gant \u2013 L\u2019Objet D\u00e9co qui Fait Craquer<\/em><\/h3>\n<p data-start=\"197\" data-end=\"547\">Laisse-toi s\u00e9duire par cette figurine de <strong data-start=\"223\" data-end=\"254\">lapin longiligne et raffin\u00e9<\/strong>, imprim\u00e9 en 3D avec un or rose qui capte subtilement la lumi\u00e8re.<br data-start=\"333\" data-end=\"336\" \/>Assis avec nonchalance sur le bord d\u2019un meuble, il affiche une silhouette \u00e9lanc\u00e9e, des\u00a0<strong data-start=\"423\" data-end=\"450\">jambes fines et souples<\/strong>, et surtout ces\u00a0<strong data-start=\"467\" data-end=\"497\">grandes oreilles a\u00e9riennes<\/strong>\u00a0qui lui donnent un charme d\u00e9licieusement moderne.<\/p>\n<p data-start=\"549\" data-end=\"830\">Sur sa t\u00eate, un <strong data-start=\"571\" data-end=\"589\">n\u0153ud argent\u00e9<\/strong>\u00a0vient r\u00e9veiller le design : une touche lumineuse, chic, irr\u00e9sistible.<br data-start=\"659\" data-end=\"662\" \/>\u00c0 lui seul, il apporte\u00a0<strong data-start=\"685\" data-end=\"723\">caract\u00e8re, douceur et personnalit\u00e9<\/strong>\u00a0\u00e0 n\u2019importe quel d\u00e9cor : ambiance scandinave, chambre d\u2019enfant, coin cosy du salon ou \u00e9tag\u00e8re minimaliste.<\/p>\n<p data-start=\"832\" data-end=\"940\">Un objet simple, \u00e9l\u00e9gant et terriblement attachant.<br data-start=\"883\" data-end=\"886\" \/>Un petit lapin\u2026 mais un\u00a0<strong data-start=\"910\" data-end=\"936\">vrai coup de c\u0153ur d\u00e9co<\/strong>.\u00a0<img decoding=\"async\" class=\"emoji\" role=\"img\" draggable=\"false\" src=\"https:\/\/s.w.org\/images\/core\/emoji\/17.0.2\/svg\/1f31f.svg\" alt=\"\ud83c\udf1f\" \/><\/p>\n","protected":false},"excerpt":{"rendered":"<p>\u00a0Le Lapin \u00c9l\u00e9gant \u2013 L\u2019Objet D\u00e9co qui Fait Craquer Laisse-toi s\u00e9duire par cette figurine de lapin longiligne et raffin\u00e9, imprim\u00e9 en 3D avec un or rose qui capte subtilement la lumi\u00e8re.Assis avec nonchalance sur le bord d\u2019un meuble, il affiche une silhouette \u00e9lanc\u00e9e, des\u00a0jambes fines et souples, et surtout ces\u00a0grandes oreilles a\u00e9riennes\u00a0qui lui donnent un<\/p>\n<div class=\"more-link\">\n\t\t\t\t <a href=\"https:\/\/thecraftroom.fr\/index.php\/produit\/lapin-elegant-5\/\" class=\"btn theme-btn\"><span>Continue Reading <\/span><i class=\"icofont-thin-double-right\"><\/i><\/a>\n\t\t\t<\/div>\n","protected":false},"featured_media":466,"comment_status":"open","ping_status":"closed","template":"","meta":{"_glsr_average":0,"_glsr_ranking":0,"_glsr_reviews":0,"jetpack_publicize_message":"","jetpack_publicize_feature_enabled":true,"jetpack_social_post_already_shared":true,"jetpack_social_options":{"image_generator_settings":{"template":"highway","default_image_id":0,"font":"","enabled":false},"version":2}},"product_brand":[],"product_cat":[21],"product_tag":[],"class_list":{"0":"post-465","1":"product","2":"type-product","3":"status-publish","4":"has-post-thumbnail","6":"product_cat-printemps","8":"first","9":"instock","10":"shipping-taxable","11":"purchasable","12":"product-type-simple"},"jetpack_publicize_connections":[],"jetpack_sharing_enabled":true,"_links":{"self":[{"href":"https:\/\/thecraftroom.fr\/index.php\/wp-json\/wp\/v2\/product\/465","targetHints":{"allow":["GET"]}}],"collection":[{"href":"https:\/\/thecraftroom.fr\/index.php\/wp-json\/wp\/v2\/product"}],"about":[{"href":"https:\/\/thecraftroom.fr\/index.php\/wp-json\/wp\/v2\/types\/product"}],"replies":[{"embeddable":true,"href":"https:\/\/thecraftroom.fr\/index.php\/wp-json\/wp\/v2\/comments?post=465"}],"wp:featuredmedia":[{"embeddable":true,"href":"https:\/\/thecraftroom.fr\/index.php\/wp-json\/wp\/v2\/media\/466"}],"wp:attachment":[{"href":"https:\/\/thecraftroom.fr\/index.php\/wp-json\/wp\/v2\/media?parent=465"}],"wp:term":[{"taxonomy":"product_brand","embeddable":true,"href":"https:\/\/thecraftroom.fr\/index.php\/wp-json\/wp\/v2\/product_brand?post=465"},{"taxonomy":"product_cat","embeddable":true,"href":"https:\/\/thecraftroom.fr\/index.php\/wp-json\/wp\/v2\/product_cat?post=465"},{"taxonomy":"product_tag","embeddable":true,"href":"https:\/\/thecraftroom.fr\/index.php\/wp-json\/wp\/v2\/product_tag?post=465"}],"curies":[{"name":"wp","href":"https:\/\/api.w.org\/{rel}","templated":true}]}}