{"id":516,"date":"2026-03-06T14:47:42","date_gmt":"2026-03-06T13:47:42","guid":{"rendered":"https:\/\/thecraftroom.fr\/?page_id=516"},"modified":"2026-03-06T15:15:56","modified_gmt":"2026-03-06T14:15:56","slug":"contact-2","status":"publish","type":"page","link":"https:\/\/thecraftroom.fr\/index.php\/contact-2\/","title":{"rendered":"Contact"},"content":{"rendered":"\n<p>Merci pour votre visite sur <strong>The Craft Room<\/strong> \ud83c\udf3f<\/p>\n\n\n\n<p>Si vous avez une question concernant une commande, un produit ou une demande particuli\u00e8re, n\u2019h\u00e9sitez pas \u00e0 nous contacter via le formulaire ci-dessous.<\/p>\n\n\n\n<p>Vous pouvez \u00e9galement utiliser ce formulaire pour <strong>commander une figurine ou un objet sp\u00e9cifique<\/strong>, ou nous faire part d\u2019une <strong>demande personnalis\u00e9e<\/strong>. Nous serons ravis d\u2019\u00e9tudier votre projet.<\/p>\n\n\n\n<p>Nous faisons de notre mieux pour vous r\u00e9pondre dans les plus brefs d\u00e9lais.<\/p>\n\n\n\n<p>Pour toute question concernant une commande pass\u00e9e sur <strong>Vinted<\/strong>, merci de pr\u00e9ciser votre <strong>pseudo Vinted<\/strong> afin de faciliter le suivi.<\/p>\n\n\n\n<p>\u00c0 tr\u00e8s bient\u00f4t \u2728<\/p>\n\n\n\n<p>Mail : contact@thecraftroom.fr<\/p>\n\n\n\n<div class=\"wp-block-contact-form-7-contact-form-selector\">\n<div class=\"wpcf7 no-js\" id=\"wpcf7-f157-o1\" lang=\"fr-FR\" dir=\"ltr\" data-wpcf7-id=\"157\">\n<div class=\"screen-reader-response\"><p role=\"status\" aria-live=\"polite\" aria-atomic=\"true\"><\/p> <ul><\/ul><\/div>\n<form action=\"\/index.php\/wp-json\/wp\/v2\/pages\/516#wpcf7-f157-o1\" method=\"post\" class=\"wpcf7-form init\" aria-label=\"Formulaire de contact\" novalidate=\"novalidate\" data-status=\"init\">\n<fieldset class=\"hidden-fields-container\"><input type=\"hidden\" name=\"_wpcf7\" value=\"157\" \/><input type=\"hidden\" name=\"_wpcf7_version\" value=\"6.1.5\" \/><input type=\"hidden\" name=\"_wpcf7_locale\" value=\"fr_FR\" \/><input type=\"hidden\" name=\"_wpcf7_unit_tag\" value=\"wpcf7-f157-o1\" \/><input type=\"hidden\" name=\"_wpcf7_container_post\" value=\"0\" \/><input type=\"hidden\" name=\"_wpcf7_posted_data_hash\" value=\"\" \/>\n<\/fieldset>\n<p><label> Votre nom<br \/>\n<span class=\"wpcf7-form-control-wrap\" data-name=\"your-name\"><input size=\"40\" maxlength=\"400\" class=\"wpcf7-form-control wpcf7-text wpcf7-validates-as-required\" autocomplete=\"name\" aria-required=\"true\" aria-invalid=\"false\" value=\"\" type=\"text\" name=\"your-name\" \/><\/span> <\/label>\n<\/p>\n<p><label> Votre e-mail<br \/>\n<span class=\"wpcf7-form-control-wrap\" data-name=\"your-email\"><input size=\"40\" maxlength=\"400\" class=\"wpcf7-form-control wpcf7-email wpcf7-validates-as-required wpcf7-text wpcf7-validates-as-email\" autocomplete=\"email\" aria-required=\"true\" aria-invalid=\"false\" value=\"\" type=\"email\" name=\"your-email\" \/><\/span> <\/label>\n<\/p>\n<p><label> Type de demande<br \/>\n<span class=\"wpcf7-form-control-wrap\" data-name=\"demande\"><select class=\"wpcf7-form-control wpcf7-select\" aria-invalid=\"false\" name=\"demande\"><option value=\"Question g\u00e9n\u00e9rale\">Question g\u00e9n\u00e9rale<\/option><option value=\"Commande personnalis\u00e9e\">Commande personnalis\u00e9e<\/option><option value=\"Commande de figurine\">Commande de figurine<\/option><option value=\"Suivi de commande\">Suivi de commande<\/option><option value=\"Autre\">Autre<\/option><\/select><\/span><\/label>\n<\/p>\n<p><label> Objet<br \/>\n<span class=\"wpcf7-form-control-wrap\" data-name=\"your-subject\"><input size=\"40\" maxlength=\"400\" class=\"wpcf7-form-control wpcf7-text wpcf7-validates-as-required\" aria-required=\"true\" aria-invalid=\"false\" value=\"\" type=\"text\" name=\"your-subject\" \/><\/span> <\/label>\n<\/p>\n<p><label> Votre message (facultatif)<br \/>\n<span class=\"wpcf7-form-control-wrap\" data-name=\"your-message\"><textarea cols=\"40\" rows=\"10\" maxlength=\"2000\" class=\"wpcf7-form-control wpcf7-textarea\" aria-invalid=\"false\" name=\"your-message\"><\/textarea><\/span> <\/label>\n<\/p>\n<p><input class=\"wpcf7-form-control wpcf7-submit has-spinner\" type=\"submit\" value=\"Envoyer\" \/>\n<\/p><p style=\"display: none !important;\" class=\"akismet-fields-container\" data-prefix=\"_wpcf7_ak_\"><label>&#916;<textarea name=\"_wpcf7_ak_hp_textarea\" cols=\"45\" rows=\"8\" maxlength=\"100\"><\/textarea><\/label><input type=\"hidden\" id=\"ak_js_1\" name=\"_wpcf7_ak_js\" value=\"202\"\/><script>document.getElementById( \"ak_js_1\" ).setAttribute( \"value\", ( new Date() ).getTime() );<\/script><\/p><div class=\"wpcf7-response-output\" aria-hidden=\"true\"><\/div>\n<\/form>\n<\/div>\n<\/div>\n\n\n\n<p><\/p>\n","protected":false},"excerpt":{"rendered":"<p>Merci pour votre visite sur The Craft Room \ud83c\udf3f Si vous avez une question concernant une commande, un produit ou une demande particuli\u00e8re, n\u2019h\u00e9sitez pas \u00e0 nous contacter via le formulaire ci-dessous. Vous pouvez \u00e9galement utiliser ce formulaire pour commander une figurine ou un objet sp\u00e9cifique, ou nous faire part d\u2019une demande personnalis\u00e9e. Nous serons<\/p>\n<div class=\"more-link\">\n\t\t\t\t <a href=\"https:\/\/thecraftroom.fr\/index.php\/contact-2\/\" class=\"btn theme-btn\"><span>Continue Reading <\/span><i class=\"icofont-thin-double-right\"><\/i><\/a>\n\t\t\t<\/div>\n","protected":false},"author":1,"featured_media":0,"parent":0,"menu_order":0,"comment_status":"closed","ping_status":"closed","template":"","meta":{"_glsr_average":0,"_glsr_ranking":0,"_glsr_reviews":0,"footnotes":""},"class_list":["post-516","page","type-page","status-publish","hentry"],"jetpack_sharing_enabled":true,"_links":{"self":[{"href":"https:\/\/thecraftroom.fr\/index.php\/wp-json\/wp\/v2\/pages\/516","targetHints":{"allow":["GET"]}}],"collection":[{"href":"https:\/\/thecraftroom.fr\/index.php\/wp-json\/wp\/v2\/pages"}],"about":[{"href":"https:\/\/thecraftroom.fr\/index.php\/wp-json\/wp\/v2\/types\/page"}],"author":[{"embeddable":true,"href":"https:\/\/thecraftroom.fr\/index.php\/wp-json\/wp\/v2\/users\/1"}],"replies":[{"embeddable":true,"href":"https:\/\/thecraftroom.fr\/index.php\/wp-json\/wp\/v2\/comments?post=516"}],"version-history":[{"count":5,"href":"https:\/\/thecraftroom.fr\/index.php\/wp-json\/wp\/v2\/pages\/516\/revisions"}],"predecessor-version":[{"id":527,"href":"https:\/\/thecraftroom.fr\/index.php\/wp-json\/wp\/v2\/pages\/516\/revisions\/527"}],"wp:attachment":[{"href":"https:\/\/thecraftroom.fr\/index.php\/wp-json\/wp\/v2\/media?parent=516"}],"curies":[{"name":"wp","href":"https:\/\/api.w.org\/{rel}","templated":true}]}}