{"id":509,"date":"2026-03-06T14:44:42","date_gmt":"2026-03-06T13:44:42","guid":{"rendered":"https:\/\/thecraftroom.fr\/?page_id=509"},"modified":"2026-03-10T14:02:22","modified_gmt":"2026-03-10T13:02:22","slug":"avis-clients","status":"publish","type":"page","link":"https:\/\/thecraftroom.fr\/index.php\/avis-clients\/","title":{"rendered":"Avis clients"},"content":{"rendered":"<div class=\"shortcode-site-reviews-form\"><div class=\"glsr glsr-default\" id=\"glsr_iezcymx8\" data-from=\"shortcode\" data-shortcode=\"site_reviews_form\"><div class=\"glsr-form-wrap\">\n    <form class=\"glsr-form glsr-review-form\" method=\"post\" enctype=\"multipart\/form-data\">\n        <input type=\"hidden\" name=\"site-reviews[_action]\" value=\"submit-review\" \/>\n<input type=\"hidden\" name=\"site-reviews[_nonce]\" value=\"6620defe79\" \/>\n<input type=\"hidden\" name=\"site-reviews[_post_id]\" value=\"509\" \/>\n<input type=\"hidden\" name=\"site-reviews[_referer]\" value=\"\" \/>\n<input type=\"hidden\" name=\"site-reviews[assigned_posts]\" value=\"\" \/>\n<input type=\"hidden\" name=\"site-reviews[assigned_terms]\" value=\"\" \/>\n<input type=\"hidden\" name=\"site-reviews[assigned_users]\" value=\"\" \/>\n<input type=\"hidden\" name=\"site-reviews[excluded]\" value=\"\" \/>\n<input type=\"hidden\" name=\"site-reviews[form_id]\" value=\"glsr_iezcymx8\" \/>\n<input type=\"hidden\" name=\"site-reviews[form_signature]\" value=\"6NG4sg2sHF11bQ5OKoTwhq2Nq8mY0AeYMqJfDNecdVoaxDrLUgXjOo_09N9nnRynZrMVPUn0kJFikC0vVHD43em4dk_IrThzv1PJiIxwTKHHBqp9diCMMYgPtf9GvKKV_kNpp9fxz6yZWW2fFAS6SNlAuwBavWC7AT0H7H3P8BTqWSLZNSFqmdaGkxpEXrhSXx9Aibzk66VpipiM5jGniOLOjiT7e0P3wl3PYjXcslV58U6EIBrTqkJj3qNkGaHMPKx8_TDUBwEwbtueqIOqLwHDnrd6qmXdKBl5ABTNMdJ51V8TF1jwlzYC7Fr4xeg691MgeL-ZmjpsvJFJ1NakYTaBgVVIXPaL34USwpeFc0DaKNHLuKY958LvPeD5qdAlDrSDW1TCqVILzmKj_k5LTBxojC0Q9igSNj533x6jX9XX5OcakS-d2J6_BQ\" \/>\n<input type=\"hidden\" name=\"site-reviews[terms_exist]\" value=\"1\" \/>\n<div class=\"glsr-field\" style=\"display:none;\"><label for=\"site-reviews-7132a5ec-glsr_iezcymx8\">Votre avis<\/label><input type=\"text\" class=\"glsr-input glsr-input-text\" id=\"site-reviews-7132a5ec-glsr_iezcymx8\" name=\"site-reviews[7132a5ec]\" value=\"\" \/><\/div>\n<div class=\"glsr-field glsr-field-rating glsr-required\" data-field=\"rating\" data-type=\"rating\">\n    <label class=\"glsr-label\" for=\"glsr_iezcymx8-rating\">\n    <span>Votre note globale<\/span>\n<\/label>\n    <select class=\"browser-default disable-select glsr-select no-wrap no_wrap\" id=\"glsr_iezcymx8-rating\" name=\"site-reviews[rating]\" required><option value=\"\">S\u00e9lectionnez une note<\/option><option value=\"5\">5 \u00e9toiles<\/option><option value=\"4\">4 \u00e9toiles<\/option><option value=\"3\">3 \u00e9toiles<\/option><option value=\"2\">2 \u00e9toiles<\/option><option value=\"1\">1 \u00e9toile<\/option><\/select>\n    <div class=\"glsr-field-error\"><\/div>\n<\/div>\n<div class=\"glsr-field glsr-field-text glsr-required\" data-field=\"title\" data-type=\"text\">\n    <label class=\"glsr-label\" for=\"glsr_iezcymx8-title\">\n    <span>Titre de votre avis<\/span>\n<\/label>\n    <input type=\"text\" class=\"glsr-input glsr-input-text\" id=\"glsr_iezcymx8-title\" name=\"site-reviews[title]\" required placeholder=\"R\u00e9sumez votre avis ou mettez en \u00e9vidence un d\u00e9tail int\u00e9ressant\" value=\"\" \/>\n    <div class=\"glsr-field-error\"><\/div>\n<\/div>\n<div class=\"glsr-field glsr-field-textarea glsr-required\" data-field=\"content\" data-type=\"textarea\">\n    <label class=\"glsr-label\" for=\"glsr_iezcymx8-content\">\n    <span>Votre avis<\/span>\n<\/label>\n    <textarea class=\"glsr-textarea\" id=\"glsr_iezcymx8-content\" name=\"site-reviews[content]\" required placeholder=\"Donnez votre avis\" rows=\"5\"><\/textarea>\n    <div class=\"glsr-field-error\"><\/div>\n<\/div>\n<div class=\"glsr-field glsr-field-text glsr-required\" data-field=\"name\" data-type=\"text\">\n    <label class=\"glsr-label\" for=\"glsr_iezcymx8-name\">\n    <span>Votre nom<\/span>\n<\/label>\n    <input type=\"text\" class=\"glsr-input glsr-input-text\" id=\"glsr_iezcymx8-name\" name=\"site-reviews[name]\" required placeholder=\"Donnez votre nom\" value=\"\" \/>\n    <div class=\"glsr-field-error\"><\/div>\n<\/div>\n<div class=\"glsr-field glsr-field-email glsr-required\" data-field=\"email\" data-type=\"email\">\n    <label class=\"glsr-label\" for=\"glsr_iezcymx8-email\">\n    <span>Votre e-mail<\/span>\n<\/label>\n    <input type=\"email\" class=\"glsr-input glsr-input-email\" id=\"glsr_iezcymx8-email\" name=\"site-reviews[email]\" required placeholder=\"Donnez votre e-mail\" value=\"\" \/>\n    <div class=\"glsr-field-error\"><\/div>\n<\/div>\n<div class=\"glsr-field glsr-field-choice glsr-required\" data-field=\"terms\" data-type=\"toggle\">\n    \n    <div class=\"glsr-field-subgroup\">\n        <span class=\"glsr-field-toggle\">\n    <span>\n        <span class=\"glsr-toggle\"><input type=\"checkbox\" class=\"glsr-input-toggle\" id=\"glsr_iezcymx8-terms-1\" name=\"site-reviews[terms]\" required value=\"1\" \/><span class=\"glsr-toggle-track\"><\/span><\/span>\n    <\/span>\n    <label for=\"glsr_iezcymx8-terms-1\">Cette note est fond\u00e9e sur ma propre exp\u00e9rience et mon v\u00e9ritable avis.<\/label>\n<\/span>\n    <\/div>\n    <div class=\"glsr-field-error\"><\/div>\n<\/div>\n        <div class=\"glsr-form-message\">\n    \n<\/div>\n        <div data-field=\"submit-button\">\n    <div class=\"wp-block-buttons is-layout-flex\">\n        <div class=\"wp-block-button\">\n            <button type=\"submit\" class=\"glsr-button wp-block-button__link wp-element-button\" aria-busy=\"false\" data-loading=\"Submitting, please wait...\">Envoyer un avis<\/button>\n        <\/div>\n    <\/div>\n<\/div>\n    <\/form>\n<\/div><\/div><\/div>\n\n\n<div class=\"shortcode-site-reviews\"><div class=\"glsr glsr-default\" id=\"glsr_qfkcofsc\" data-from=\"shortcode\" data-shortcode=\"site_reviews\"><div class=\"glsr-reviews-wrap\">\n    <div class=\"glsr-reviews\">\n        <div class=\"glsr-review\" data-id=\"649\" data-type=\"local\" id=\"review-649\" data-assigned='[]'>\n    <div class=\"glsr-review-title\"><h4 class=\"glsr-tag-value\">Lapin de P\u00e2ques<\/h4><\/div>\n    <div class=\"glsr-review-rating\"><div class=\"glsr-star-rating glsr-stars\" role=\"img\" aria-label=\"Rated 5 out of 5 stars\" data-rating=\"5\" data-reviews=\"0\"><span class=\"glsr-star glsr-star-full\" aria-hidden=\"true\"><\/span><span class=\"glsr-star glsr-star-full\" aria-hidden=\"true\"><\/span><span class=\"glsr-star glsr-star-full\" aria-hidden=\"true\"><\/span><span class=\"glsr-star glsr-star-full\" aria-hidden=\"true\"><\/span><span class=\"glsr-star glsr-star-full\" aria-hidden=\"true\"><\/span><\/div><\/div> <div class=\"glsr-review-date\"><span class=\"glsr-tag-value\">19 mars 2026<\/span><\/div>\n    \n    <div class=\"glsr-review-content\"><div class=\"glsr-tag-value\" data-expanded=\"false\"><p>Magnifique petit lapin pour ma d\u00e9coration de P\u00e2ques ! Tout le monde adore!<\/p><\/div><\/div>\n    <div class=\"glsr-review-avatar\"><img loading=\"lazy\" decoding=\"async\" style=\"width:40px; height:40px;\" alt=\"Avatar de Anouk\" height=\"80\" loading=\"lazy\" src=\"https:\/\/thecraftroom.fr\/wp-content\/uploads\/site-reviews\/avatars\/AN.svg\" width=\"80\" \/><\/div>\n    <div class=\"glsr-review-author\"><span class=\"glsr-tag-value\">Anouk<\/span><\/div>  \n    \n<\/div>\n<div class=\"glsr-review\" data-id=\"591\" data-type=\"local\" id=\"review-591\" data-assigned='[]'>\n    <div class=\"glsr-review-title\"><h4 class=\"glsr-tag-value\">Au top<\/h4><\/div>\n    <div class=\"glsr-review-rating\"><div class=\"glsr-star-rating glsr-stars\" role=\"img\" aria-label=\"Rated 5 out of 5 stars\" data-rating=\"5\" data-reviews=\"0\"><span class=\"glsr-star glsr-star-full\" aria-hidden=\"true\"><\/span><span class=\"glsr-star glsr-star-full\" aria-hidden=\"true\"><\/span><span class=\"glsr-star glsr-star-full\" aria-hidden=\"true\"><\/span><span class=\"glsr-star glsr-star-full\" aria-hidden=\"true\"><\/span><span class=\"glsr-star glsr-star-full\" aria-hidden=\"true\"><\/span><\/div><\/div> <div class=\"glsr-review-date\"><span class=\"glsr-tag-value\">12 mars 2026<\/span><\/div>\n    \n    <div class=\"glsr-review-content\"><div class=\"glsr-tag-value\" data-expanded=\"false\"><p>Cr\u00e9atrice hors pair, de bons conseils, r\u00e9active. Cr\u00e9ation sublime et soign\u00e9e<\/p><\/div><\/div>\n    <div class=\"glsr-review-avatar\"><img loading=\"lazy\" decoding=\"async\" style=\"width:40px; height:40px;\" alt=\"Avatar de Isabelle\" height=\"80\" loading=\"lazy\" src=\"https:\/\/thecraftroom.fr\/wp-content\/uploads\/site-reviews\/avatars\/IB.svg\" width=\"80\" \/><\/div>\n    <div class=\"glsr-review-author\"><span class=\"glsr-tag-value\">Isabelle<\/span><\/div>  \n    \n<\/div>\n<div class=\"glsr-review\" data-id=\"569\" data-type=\"local\" id=\"review-569\" data-assigned='[]'>\n    <div class=\"glsr-review-title\"><h4 class=\"glsr-tag-value\">Juste parfait \ud83d\udc4d\ud83c\udffb<\/h4><\/div>\n    <div class=\"glsr-review-rating\"><div class=\"glsr-star-rating glsr-stars\" role=\"img\" aria-label=\"Rated 5 out of 5 stars\" data-rating=\"5\" data-reviews=\"0\"><span class=\"glsr-star glsr-star-full\" aria-hidden=\"true\"><\/span><span class=\"glsr-star glsr-star-full\" aria-hidden=\"true\"><\/span><span class=\"glsr-star glsr-star-full\" aria-hidden=\"true\"><\/span><span class=\"glsr-star glsr-star-full\" aria-hidden=\"true\"><\/span><span class=\"glsr-star glsr-star-full\" aria-hidden=\"true\"><\/span><\/div><\/div> <div class=\"glsr-review-date\"><span class=\"glsr-tag-value\">12 mars 2026<\/span><\/div>\n    \n    <div class=\"glsr-review-content\"><div class=\"glsr-tag-value\" data-expanded=\"false\"><p class=\"glsr-hidden-text\" data-show-less=\"Afficher moins\" data-show-more=\"Afficher plus\" data-trigger=\"expand\">Communication fluide, r\u00e9pond rapidement aux demandes et s&#8217;adapte \u00e0 ces derni\u00e8res. Articles supers mignons et tr\u00e8s bien fait. On ressent une r\u00e9elle passion dans ce que peut faire ce cr\u00e9ateur. Pour ma part deux petits lapins assis qui n&#8217;\u00e9taient pas expos\u00e9s. Une demande de ma part et quelques heures plus tard<span class=\"glsr-hidden\"> une proposition qui r\u00e9pondait parfaitement \u00e0 la demande. Foncez&#8230;.<\/span><\/p><\/div><\/div>\n    <div class=\"glsr-review-avatar\"><img loading=\"lazy\" decoding=\"async\" style=\"width:40px; height:40px;\" alt=\"Avatar de Malo\" height=\"80\" loading=\"lazy\" src=\"https:\/\/thecraftroom.fr\/wp-content\/uploads\/site-reviews\/avatars\/MA.svg\" width=\"80\" \/><\/div>\n    <div class=\"glsr-review-author\"><span class=\"glsr-tag-value\">Malo<\/span><\/div>  \n    \n<\/div>\n<div class=\"glsr-review\" data-id=\"568\" data-type=\"local\" id=\"review-568\" data-assigned='[]'>\n    <div class=\"glsr-review-title\"><h4 class=\"glsr-tag-value\">Commande petits lapins - \u00e0 recommander<\/h4><\/div>\n    <div class=\"glsr-review-rating\"><div class=\"glsr-star-rating glsr-stars\" role=\"img\" aria-label=\"Rated 5 out of 5 stars\" data-rating=\"5\" data-reviews=\"0\"><span class=\"glsr-star glsr-star-full\" aria-hidden=\"true\"><\/span><span class=\"glsr-star glsr-star-full\" aria-hidden=\"true\"><\/span><span class=\"glsr-star glsr-star-full\" aria-hidden=\"true\"><\/span><span class=\"glsr-star glsr-star-full\" aria-hidden=\"true\"><\/span><span class=\"glsr-star glsr-star-full\" aria-hidden=\"true\"><\/span><\/div><\/div> <div class=\"glsr-review-date\"><span class=\"glsr-tag-value\">12 mars 2026<\/span><\/div>\n    \n    <div class=\"glsr-review-content\"><div class=\"glsr-tag-value\" data-expanded=\"false\"><p>J&#8217;ai command\u00e9 via Vinted, un lot de petits lapins en 3D. La personne \u00e9tait gentille et est ouverte \u00e0 des propositions de changements<\/p>\n<p>C&#8217;est juste parfait comme je l&#8217;avais demand\u00e9 et emballage soign\u00e9.<\/p>\n<p>Je n&#8217;h\u00e9siterais pas \u00e0 faire d&#8217;autres commandes<\/p><\/div><\/div>\n    <div class=\"glsr-review-avatar\"><img loading=\"lazy\" decoding=\"async\" style=\"width:40px; height:40px;\" alt=\"Avatar de Anne\" height=\"80\" loading=\"lazy\" src=\"https:\/\/thecraftroom.fr\/wp-content\/uploads\/site-reviews\/avatars\/AS.svg\" width=\"80\" \/><\/div>\n    <div class=\"glsr-review-author\"><span class=\"glsr-tag-value\">Anne<\/span><\/div>  \n    \n<\/div>\n    <\/div>\n    \n<\/div><\/div><\/div>\n","protected":false},"excerpt":{"rendered":"","protected":false},"author":1,"featured_media":0,"parent":0,"menu_order":0,"comment_status":"closed","ping_status":"closed","template":"","meta":{"_glsr_average":0,"_glsr_ranking":0,"_glsr_reviews":0,"footnotes":""},"class_list":["post-509","page","type-page","status-publish","hentry"],"jetpack_sharing_enabled":true,"_links":{"self":[{"href":"https:\/\/thecraftroom.fr\/index.php\/wp-json\/wp\/v2\/pages\/509","targetHints":{"allow":["GET"]}}],"collection":[{"href":"https:\/\/thecraftroom.fr\/index.php\/wp-json\/wp\/v2\/pages"}],"about":[{"href":"https:\/\/thecraftroom.fr\/index.php\/wp-json\/wp\/v2\/types\/page"}],"author":[{"embeddable":true,"href":"https:\/\/thecraftroom.fr\/index.php\/wp-json\/wp\/v2\/users\/1"}],"replies":[{"embeddable":true,"href":"https:\/\/thecraftroom.fr\/index.php\/wp-json\/wp\/v2\/comments?post=509"}],"version-history":[{"count":29,"href":"https:\/\/thecraftroom.fr\/index.php\/wp-json\/wp\/v2\/pages\/509\/revisions"}],"predecessor-version":[{"id":562,"href":"https:\/\/thecraftroom.fr\/index.php\/wp-json\/wp\/v2\/pages\/509\/revisions\/562"}],"wp:attachment":[{"href":"https:\/\/thecraftroom.fr\/index.php\/wp-json\/wp\/v2\/media?parent=509"}],"curies":[{"name":"wp","href":"https:\/\/api.w.org\/{rel}","templated":true}]}}