{"id":440,"date":"2026-02-07T18:11:15","date_gmt":"2026-02-07T17:11:15","guid":{"rendered":"https:\/\/thecraftroom.fr\/?page_id=440"},"modified":"2026-03-06T14:32:14","modified_gmt":"2026-03-06T13:32:14","slug":"vitrine","status":"publish","type":"page","link":"https:\/\/thecraftroom.fr\/index.php\/vitrine\/","title":{"rendered":"Galerie"},"content":{"rendered":"\n<p>Chez <strong>The Craft Room<\/strong>, chaque figurine est enti\u00e8rement <strong>unique<\/strong>.<br>Je ne produis jamais en s\u00e9rie : chaque projet est con\u00e7u, imprim\u00e9, ponc\u00e9, peint et fini <strong>\u00e0 la main<\/strong>, avec un soin particulier accord\u00e9 aux d\u00e9tails.<\/p>\n\n\n\n<p>Vous aimez un personnage de film, une cr\u00e9ature d\u2019un jeu vid\u00e9o ou une figurine issue d\u2019un univers fantastique ?<br>Je peux r\u00e9aliser votre projet <strong>sur demande<\/strong>, en r\u00e9sine ou en PLA haute qualit\u00e9, puis lui donner vie gr\u00e2ce \u00e0 une peinture artisanale, r\u00e9alis\u00e9e pi\u00e8ce par pi\u00e8ce.<\/p>\n\n\n\n<p>Chaque \u0153uvre est :<\/p>\n\n\n\n<ul class=\"wp-block-list\">\n<li><strong>cr\u00e9\u00e9e sp\u00e9cialement pour vous<\/strong><\/li>\n\n\n\n<li><strong>personnalisable<\/strong> (taille, couleurs, socle, effets)<\/li>\n\n\n\n<li><strong>travaill\u00e9e \u00e0 la main<\/strong> pour un rendu unique<\/li>\n\n\n\n<li><strong>finie avec pr\u00e9cision<\/strong> pour mettre en valeur les volumes, textures et reliefs du mod\u00e8le<\/li>\n<\/ul>\n\n\n\n<p>Que ce soit pour une collection, un cadeau, une d\u00e9coration ou simplement pour vous faire plaisir, je vous accompagne dans la r\u00e9alisation d\u2019une figurine ou d\u2019un buste qui vous ressemble.<br>Vous pouvez me contacter directement pour discuter de votre id\u00e9e, obtenir un devis, ou me montrer le mod\u00e8le qui vous inspire.<\/p>\n\n\n\n<p>\u2728 Ici, chaque cr\u00e9ation a une histoire.<br>Et c\u2019est vous qui en choisissez le h\u00e9ros.<\/p>\n\n\n\n<figure class=\"wp-block-gallery has-nested-images columns-3 is-cropped is-style-rectangular wp-block-gallery-1 is-layout-flex wp-block-gallery-is-layout-flex\">\n<figure class=\"wp-block-image size-large\"><img fetchpriority=\"high\" decoding=\"async\" width=\"564\" height=\"1024\" data-id=\"442\" src=\"https:\/\/thecraftroom.fr\/wp-content\/uploads\/2026\/02\/1000042311-564x1024.jpg\" alt=\"\" class=\"wp-image-442\" srcset=\"https:\/\/thecraftroom.fr\/wp-content\/uploads\/2026\/02\/1000042311-564x1024.jpg 564w, https:\/\/thecraftroom.fr\/wp-content\/uploads\/2026\/02\/1000042311-165x300.jpg 165w, https:\/\/thecraftroom.fr\/wp-content\/uploads\/2026\/02\/1000042311-768x1395.jpg 768w, https:\/\/thecraftroom.fr\/wp-content\/uploads\/2026\/02\/1000042311-846x1536.jpg 846w, https:\/\/thecraftroom.fr\/wp-content\/uploads\/2026\/02\/1000042311-1128x2048.jpg 1128w, https:\/\/thecraftroom.fr\/wp-content\/uploads\/2026\/02\/1000042311-600x1090.jpg 600w, https:\/\/thecraftroom.fr\/wp-content\/uploads\/2026\/02\/1000042311-scaled.jpg 1410w\" sizes=\"(max-width: 564px) 100vw, 564px\" \/><\/figure>\n\n\n\n<figure class=\"wp-block-image size-large\"><img decoding=\"async\" width=\"768\" height=\"1024\" data-id=\"444\" src=\"https:\/\/thecraftroom.fr\/wp-content\/uploads\/2026\/02\/20250414_131643-768x1024.jpg\" alt=\"\" class=\"wp-image-444\" srcset=\"https:\/\/thecraftroom.fr\/wp-content\/uploads\/2026\/02\/20250414_131643-768x1024.jpg 768w, https:\/\/thecraftroom.fr\/wp-content\/uploads\/2026\/02\/20250414_131643-225x300.jpg 225w, https:\/\/thecraftroom.fr\/wp-content\/uploads\/2026\/02\/20250414_131643-1152x1536.jpg 1152w, https:\/\/thecraftroom.fr\/wp-content\/uploads\/2026\/02\/20250414_131643-1536x2048.jpg 1536w, https:\/\/thecraftroom.fr\/wp-content\/uploads\/2026\/02\/20250414_131643-600x800.jpg 600w, https:\/\/thecraftroom.fr\/wp-content\/uploads\/2026\/02\/20250414_131643-scaled.jpg 1920w\" sizes=\"(max-width: 768px) 100vw, 768px\" \/><\/figure>\n\n\n\n<figure class=\"wp-block-image size-large\"><img decoding=\"async\" width=\"508\" height=\"1024\" data-id=\"448\" src=\"https:\/\/thecraftroom.fr\/wp-content\/uploads\/2026\/02\/Screenshot_20260207_180528_Gallery-508x1024.jpg\" alt=\"\" class=\"wp-image-448\" srcset=\"https:\/\/thecraftroom.fr\/wp-content\/uploads\/2026\/02\/Screenshot_20260207_180528_Gallery-508x1024.jpg 508w, https:\/\/thecraftroom.fr\/wp-content\/uploads\/2026\/02\/Screenshot_20260207_180528_Gallery-149x300.jpg 149w, https:\/\/thecraftroom.fr\/wp-content\/uploads\/2026\/02\/Screenshot_20260207_180528_Gallery-768x1548.jpg 768w, https:\/\/thecraftroom.fr\/wp-content\/uploads\/2026\/02\/Screenshot_20260207_180528_Gallery-762x1536.jpg 762w, https:\/\/thecraftroom.fr\/wp-content\/uploads\/2026\/02\/Screenshot_20260207_180528_Gallery-600x1209.jpg 600w, https:\/\/thecraftroom.fr\/wp-content\/uploads\/2026\/02\/Screenshot_20260207_180528_Gallery.jpg 885w\" sizes=\"(max-width: 508px) 100vw, 508px\" \/><\/figure>\n\n\n\n<figure class=\"wp-block-image size-large\"><img loading=\"lazy\" decoding=\"async\" width=\"651\" height=\"1024\" data-id=\"446\" src=\"https:\/\/thecraftroom.fr\/wp-content\/uploads\/2026\/02\/Screenshot_20260207_180641_Gallery-651x1024.jpg\" alt=\"\" class=\"wp-image-446\" srcset=\"https:\/\/thecraftroom.fr\/wp-content\/uploads\/2026\/02\/Screenshot_20260207_180641_Gallery-651x1024.jpg 651w, https:\/\/thecraftroom.fr\/wp-content\/uploads\/2026\/02\/Screenshot_20260207_180641_Gallery-191x300.jpg 191w, https:\/\/thecraftroom.fr\/wp-content\/uploads\/2026\/02\/Screenshot_20260207_180641_Gallery-768x1209.jpg 768w, https:\/\/thecraftroom.fr\/wp-content\/uploads\/2026\/02\/Screenshot_20260207_180641_Gallery-976x1536.jpg 976w, https:\/\/thecraftroom.fr\/wp-content\/uploads\/2026\/02\/Screenshot_20260207_180641_Gallery-600x944.jpg 600w, https:\/\/thecraftroom.fr\/wp-content\/uploads\/2026\/02\/Screenshot_20260207_180641_Gallery.jpg 1080w\" sizes=\"(max-width: 651px) 100vw, 651px\" \/><\/figure>\n\n\n\n<figure class=\"wp-block-image size-large\"><img loading=\"lazy\" decoding=\"async\" width=\"777\" height=\"1024\" data-id=\"449\" src=\"https:\/\/thecraftroom.fr\/wp-content\/uploads\/2026\/02\/Screenshot_20260207_180803_Gallery-777x1024.jpg\" alt=\"\" class=\"wp-image-449\" srcset=\"https:\/\/thecraftroom.fr\/wp-content\/uploads\/2026\/02\/Screenshot_20260207_180803_Gallery-777x1024.jpg 777w, https:\/\/thecraftroom.fr\/wp-content\/uploads\/2026\/02\/Screenshot_20260207_180803_Gallery-228x300.jpg 228w, https:\/\/thecraftroom.fr\/wp-content\/uploads\/2026\/02\/Screenshot_20260207_180803_Gallery-768x1012.jpg 768w, https:\/\/thecraftroom.fr\/wp-content\/uploads\/2026\/02\/Screenshot_20260207_180803_Gallery-600x791.jpg 600w, https:\/\/thecraftroom.fr\/wp-content\/uploads\/2026\/02\/Screenshot_20260207_180803_Gallery.jpg 1080w\" sizes=\"(max-width: 777px) 100vw, 777px\" \/><\/figure>\n\n\n\n<figure class=\"wp-block-image size-large\"><img loading=\"lazy\" decoding=\"async\" width=\"790\" height=\"1024\" data-id=\"447\" src=\"https:\/\/thecraftroom.fr\/wp-content\/uploads\/2026\/02\/Screenshot_20260207_180833_Gallery-790x1024.jpg\" alt=\"\" class=\"wp-image-447\" srcset=\"https:\/\/thecraftroom.fr\/wp-content\/uploads\/2026\/02\/Screenshot_20260207_180833_Gallery-790x1024.jpg 790w, https:\/\/thecraftroom.fr\/wp-content\/uploads\/2026\/02\/Screenshot_20260207_180833_Gallery-231x300.jpg 231w, https:\/\/thecraftroom.fr\/wp-content\/uploads\/2026\/02\/Screenshot_20260207_180833_Gallery-768x996.jpg 768w, https:\/\/thecraftroom.fr\/wp-content\/uploads\/2026\/02\/Screenshot_20260207_180833_Gallery-600x778.jpg 600w, https:\/\/thecraftroom.fr\/wp-content\/uploads\/2026\/02\/Screenshot_20260207_180833_Gallery.jpg 1080w\" sizes=\"(max-width: 790px) 100vw, 790px\" \/><\/figure>\n\n\n\n<figure class=\"wp-block-image size-large\"><img loading=\"lazy\" decoding=\"async\" width=\"532\" height=\"1024\" data-id=\"455\" src=\"https:\/\/thecraftroom.fr\/wp-content\/uploads\/2026\/02\/Screenshot_20260207_180418_Gallery-1-532x1024.jpg\" alt=\"\" class=\"wp-image-455\" srcset=\"https:\/\/thecraftroom.fr\/wp-content\/uploads\/2026\/02\/Screenshot_20260207_180418_Gallery-1-532x1024.jpg 532w, https:\/\/thecraftroom.fr\/wp-content\/uploads\/2026\/02\/Screenshot_20260207_180418_Gallery-1-156x300.jpg 156w, https:\/\/thecraftroom.fr\/wp-content\/uploads\/2026\/02\/Screenshot_20260207_180418_Gallery-1-768x1478.jpg 768w, https:\/\/thecraftroom.fr\/wp-content\/uploads\/2026\/02\/Screenshot_20260207_180418_Gallery-1-798x1536.jpg 798w, https:\/\/thecraftroom.fr\/wp-content\/uploads\/2026\/02\/Screenshot_20260207_180418_Gallery-1-600x1155.jpg 600w, https:\/\/thecraftroom.fr\/wp-content\/uploads\/2026\/02\/Screenshot_20260207_180418_Gallery-1.jpg 847w\" sizes=\"(max-width: 532px) 100vw, 532px\" \/><\/figure>\n\n\n\n<figure class=\"wp-block-image size-large\"><img loading=\"lazy\" decoding=\"async\" width=\"854\" height=\"1024\" data-id=\"453\" src=\"https:\/\/thecraftroom.fr\/wp-content\/uploads\/2026\/02\/Screenshot_20260207_180455_Gallery-1-854x1024.jpg\" alt=\"\" class=\"wp-image-453\" srcset=\"https:\/\/thecraftroom.fr\/wp-content\/uploads\/2026\/02\/Screenshot_20260207_180455_Gallery-1-854x1024.jpg 854w, https:\/\/thecraftroom.fr\/wp-content\/uploads\/2026\/02\/Screenshot_20260207_180455_Gallery-1-250x300.jpg 250w, https:\/\/thecraftroom.fr\/wp-content\/uploads\/2026\/02\/Screenshot_20260207_180455_Gallery-1-768x920.jpg 768w, https:\/\/thecraftroom.fr\/wp-content\/uploads\/2026\/02\/Screenshot_20260207_180455_Gallery-1-600x719.jpg 600w, https:\/\/thecraftroom.fr\/wp-content\/uploads\/2026\/02\/Screenshot_20260207_180455_Gallery-1.jpg 1078w\" sizes=\"(max-width: 854px) 100vw, 854px\" \/><\/figure>\n\n\n\n<figure class=\"wp-block-image size-large\"><img loading=\"lazy\" decoding=\"async\" width=\"780\" height=\"1024\" data-id=\"452\" src=\"https:\/\/thecraftroom.fr\/wp-content\/uploads\/2026\/02\/Screenshot_20260207_180603_Gallery-780x1024.jpg\" alt=\"\" class=\"wp-image-452\" srcset=\"https:\/\/thecraftroom.fr\/wp-content\/uploads\/2026\/02\/Screenshot_20260207_180603_Gallery-780x1024.jpg 780w, https:\/\/thecraftroom.fr\/wp-content\/uploads\/2026\/02\/Screenshot_20260207_180603_Gallery-229x300.jpg 229w, https:\/\/thecraftroom.fr\/wp-content\/uploads\/2026\/02\/Screenshot_20260207_180603_Gallery-768x1008.jpg 768w, https:\/\/thecraftroom.fr\/wp-content\/uploads\/2026\/02\/Screenshot_20260207_180603_Gallery-600x787.jpg 600w, https:\/\/thecraftroom.fr\/wp-content\/uploads\/2026\/02\/Screenshot_20260207_180603_Gallery.jpg 1080w\" sizes=\"(max-width: 780px) 100vw, 780px\" \/><\/figure>\n\n\n\n<figure class=\"wp-block-image size-large\"><img loading=\"lazy\" decoding=\"async\" width=\"1024\" height=\"742\" data-id=\"454\" src=\"https:\/\/thecraftroom.fr\/wp-content\/uploads\/2026\/02\/Screenshot_20260207_180658_Gallery-1-1024x742.jpg\" alt=\"\" class=\"wp-image-454\" srcset=\"https:\/\/thecraftroom.fr\/wp-content\/uploads\/2026\/02\/Screenshot_20260207_180658_Gallery-1-1024x742.jpg 1024w, https:\/\/thecraftroom.fr\/wp-content\/uploads\/2026\/02\/Screenshot_20260207_180658_Gallery-1-300x218.jpg 300w, https:\/\/thecraftroom.fr\/wp-content\/uploads\/2026\/02\/Screenshot_20260207_180658_Gallery-1-768x557.jpg 768w, https:\/\/thecraftroom.fr\/wp-content\/uploads\/2026\/02\/Screenshot_20260207_180658_Gallery-1-1536x1114.jpg 1536w, https:\/\/thecraftroom.fr\/wp-content\/uploads\/2026\/02\/Screenshot_20260207_180658_Gallery-1-2048x1485.jpg 2048w, https:\/\/thecraftroom.fr\/wp-content\/uploads\/2026\/02\/Screenshot_20260207_180658_Gallery-1-600x435.jpg 600w\" sizes=\"(max-width: 1024px) 100vw, 1024px\" \/><\/figure>\n<\/figure>\n","protected":false},"excerpt":{"rendered":"<p>Chez The Craft Room, chaque figurine est enti\u00e8rement unique.Je ne produis jamais en s\u00e9rie : chaque projet est con\u00e7u, imprim\u00e9, ponc\u00e9, peint et fini \u00e0 la main, avec un soin particulier accord\u00e9 aux d\u00e9tails. Vous aimez un personnage de film, une cr\u00e9ature d\u2019un jeu vid\u00e9o ou une figurine issue d\u2019un univers fantastique ?Je peux r\u00e9aliser<\/p>\n<div class=\"more-link\">\n\t\t\t\t <a href=\"https:\/\/thecraftroom.fr\/index.php\/vitrine\/\" class=\"btn theme-btn\"><span>Continue Reading <\/span><i class=\"icofont-thin-double-right\"><\/i><\/a>\n\t\t\t<\/div>\n","protected":false},"author":1,"featured_media":0,"parent":0,"menu_order":0,"comment_status":"closed","ping_status":"closed","template":"","meta":{"_glsr_average":0,"_glsr_ranking":0,"_glsr_reviews":0,"footnotes":""},"class_list":["post-440","page","type-page","status-publish","hentry"],"jetpack_sharing_enabled":true,"_links":{"self":[{"href":"https:\/\/thecraftroom.fr\/index.php\/wp-json\/wp\/v2\/pages\/440","targetHints":{"allow":["GET"]}}],"collection":[{"href":"https:\/\/thecraftroom.fr\/index.php\/wp-json\/wp\/v2\/pages"}],"about":[{"href":"https:\/\/thecraftroom.fr\/index.php\/wp-json\/wp\/v2\/types\/page"}],"author":[{"embeddable":true,"href":"https:\/\/thecraftroom.fr\/index.php\/wp-json\/wp\/v2\/users\/1"}],"replies":[{"embeddable":true,"href":"https:\/\/thecraftroom.fr\/index.php\/wp-json\/wp\/v2\/comments?post=440"}],"version-history":[{"count":2,"href":"https:\/\/thecraftroom.fr\/index.php\/wp-json\/wp\/v2\/pages\/440\/revisions"}],"predecessor-version":[{"id":462,"href":"https:\/\/thecraftroom.fr\/index.php\/wp-json\/wp\/v2\/pages\/440\/revisions\/462"}],"wp:attachment":[{"href":"https:\/\/thecraftroom.fr\/index.php\/wp-json\/wp\/v2\/media?parent=440"}],"curies":[{"name":"wp","href":"https:\/\/api.w.org\/{rel}","templated":true}]}}