{"id":422,"date":"2026-02-07T15:09:31","date_gmt":"2026-02-07T14:09:31","guid":{"rendered":"https:\/\/thecraftroom.fr\/?page_id=422"},"modified":"2026-03-10T14:10:25","modified_gmt":"2026-03-10T13:10:25","slug":"qui-suis-je","status":"publish","type":"page","link":"https:\/\/thecraftroom.fr\/index.php\/qui-suis-je\/","title":{"rendered":"Qui suis je ?"},"content":{"rendered":"\n<div class=\"wp-block-media-text is-stacked-on-mobile\" style=\"grid-template-columns:33% auto\"><figure class=\"wp-block-media-text__media\"><img fetchpriority=\"high\" decoding=\"async\" width=\"683\" height=\"1024\" src=\"https:\/\/thecraftroom.fr\/wp-content\/uploads\/2026\/03\/ChatGPT-Image-10-mars-2026-14_08_11-1-683x1024.png\" alt=\"\" class=\"wp-image-566 size-full\" srcset=\"https:\/\/thecraftroom.fr\/wp-content\/uploads\/2026\/03\/ChatGPT-Image-10-mars-2026-14_08_11-1-683x1024.png 683w, https:\/\/thecraftroom.fr\/wp-content\/uploads\/2026\/03\/ChatGPT-Image-10-mars-2026-14_08_11-1-200x300.png 200w, https:\/\/thecraftroom.fr\/wp-content\/uploads\/2026\/03\/ChatGPT-Image-10-mars-2026-14_08_11-1-768x1152.png 768w, https:\/\/thecraftroom.fr\/wp-content\/uploads\/2026\/03\/ChatGPT-Image-10-mars-2026-14_08_11-1-600x900.png 600w, https:\/\/thecraftroom.fr\/wp-content\/uploads\/2026\/03\/ChatGPT-Image-10-mars-2026-14_08_11-1.png 1024w\" sizes=\"(max-width: 683px) 100vw, 683px\" \/><\/figure><div class=\"wp-block-media-text__content\">\n<p>Ici, c\u2019est mon petit monde.<br>Je m\u2019appelle Elodie j&#8217;ai 34 ans, et depuis toujours, j\u2019adore fa\u00e7onner, imaginer, assembler\u2026 cr\u00e9er.<\/p>\n\n\n\n<p>Avec <strong>The Craft Room<\/strong>, j\u2019ai voulu donner vie \u00e0 des objets qui racontent une histoire : la v\u00f4tre.<br>Des pi\u00e8ces douces, \u00e9l\u00e9gantes, parfois fantaisistes, fabriqu\u00e9es gr\u00e2ce \u00e0 l\u2019impression 3D mais toujours avec une touche humaine. <br>Chaque cr\u00e9ation est le r\u00e9sultat d\u2019un m\u00e9lange de passion, d\u2019inspiration et de patience.<\/p>\n\n\n\n<p>Je vous invite \u00e0 d\u00e9couvrir un univers o\u00f9 chaque d\u00e9tail compte, et o\u00f9 chaque objet trouve sa place dans votre int\u00e9rieur comme dans votre quotidien.<\/p>\n\n\n\n<p>Merci d\u2019\u00eatre ici \u2728<\/p>\n<\/div><\/div>\n","protected":false},"excerpt":{"rendered":"<p>Ici, c\u2019est mon petit monde.Je m\u2019appelle Elodie j&#8217;ai 34 ans, et depuis toujours, j\u2019adore fa\u00e7onner, imaginer, assembler\u2026 cr\u00e9er. Avec The Craft Room, j\u2019ai voulu donner vie \u00e0 des objets qui racontent une histoire : la v\u00f4tre.Des pi\u00e8ces douces, \u00e9l\u00e9gantes, parfois fantaisistes, fabriqu\u00e9es gr\u00e2ce \u00e0 l\u2019impression 3D mais toujours avec une touche humaine. Chaque cr\u00e9ation est<\/p>\n<div class=\"more-link\">\n\t\t\t\t <a href=\"https:\/\/thecraftroom.fr\/index.php\/qui-suis-je\/\" class=\"btn theme-btn\"><span>Continue Reading <\/span><i class=\"icofont-thin-double-right\"><\/i><\/a>\n\t\t\t<\/div>\n","protected":false},"author":1,"featured_media":0,"parent":0,"menu_order":0,"comment_status":"closed","ping_status":"closed","template":"","meta":{"_glsr_average":0,"_glsr_ranking":0,"_glsr_reviews":0,"footnotes":""},"class_list":["post-422","page","type-page","status-publish","hentry"],"jetpack_sharing_enabled":true,"_links":{"self":[{"href":"https:\/\/thecraftroom.fr\/index.php\/wp-json\/wp\/v2\/pages\/422","targetHints":{"allow":["GET"]}}],"collection":[{"href":"https:\/\/thecraftroom.fr\/index.php\/wp-json\/wp\/v2\/pages"}],"about":[{"href":"https:\/\/thecraftroom.fr\/index.php\/wp-json\/wp\/v2\/types\/page"}],"author":[{"embeddable":true,"href":"https:\/\/thecraftroom.fr\/index.php\/wp-json\/wp\/v2\/users\/1"}],"replies":[{"embeddable":true,"href":"https:\/\/thecraftroom.fr\/index.php\/wp-json\/wp\/v2\/comments?post=422"}],"version-history":[{"count":3,"href":"https:\/\/thecraftroom.fr\/index.php\/wp-json\/wp\/v2\/pages\/422\/revisions"}],"predecessor-version":[{"id":567,"href":"https:\/\/thecraftroom.fr\/index.php\/wp-json\/wp\/v2\/pages\/422\/revisions\/567"}],"wp:attachment":[{"href":"https:\/\/thecraftroom.fr\/index.php\/wp-json\/wp\/v2\/media?parent=422"}],"curies":[{"name":"wp","href":"https:\/\/api.w.org\/{rel}","templated":true}]}}